{"id":97,"date":"2025-03-08T17:36:26","date_gmt":"2025-03-08T16:36:26","guid":{"rendered":"https:\/\/wima.normandiewebschool.education\/?page_id=97"},"modified":"2025-04-11T01:28:24","modified_gmt":"2025-04-10T23:28:24","slug":"a-propos","status":"publish","type":"page","link":"https:\/\/wima.normandiewebschool.education\/?page_id=97","title":{"rendered":"A Propos"},"content":{"rendered":"\t\t<div data-elementor-type=\"wp-page\" data-elementor-id=\"97\" class=\"elementor elementor-97\">\n\t\t\t\t<div class=\"elementor-element elementor-element-270c28b e-flex e-con-boxed e-con e-parent\" data-id=\"270c28b\" data-element_type=\"container\">\n\t\t\t\t\t<div class=\"e-con-inner\">\n\t\t\t\t<div class=\"elementor-element elementor-element-271567d elementor-position-top elementor-widget elementor-widget-image-box\" data-id=\"271567d\" data-element_type=\"widget\" data-widget_type=\"image-box.default\">\n\t\t\t\t<div class=\"elementor-widget-container\">\n\t\t\t\t\t<div class=\"elementor-image-box-wrapper\"><figure class=\"elementor-image-box-img\"><img fetchpriority=\"high\" decoding=\"async\" width=\"1200\" height=\"1600\" src=\"https:\/\/wima.normandiewebschool.education\/wp-content\/uploads\/2025\/02\/WhatsApp-Image-2025-02-05-a-11.49.34_9dd2dfb1.jpg\" class=\"attachment-full size-full wp-image-55\" alt=\"\" srcset=\"https:\/\/wima.normandiewebschool.education\/wp-content\/uploads\/2025\/02\/WhatsApp-Image-2025-02-05-a-11.49.34_9dd2dfb1.jpg 1200w, https:\/\/wima.normandiewebschool.education\/wp-content\/uploads\/2025\/02\/WhatsApp-Image-2025-02-05-a-11.49.34_9dd2dfb1-225x300.jpg 225w, https:\/\/wima.normandiewebschool.education\/wp-content\/uploads\/2025\/02\/WhatsApp-Image-2025-02-05-a-11.49.34_9dd2dfb1-768x1024.jpg 768w, https:\/\/wima.normandiewebschool.education\/wp-content\/uploads\/2025\/02\/WhatsApp-Image-2025-02-05-a-11.49.34_9dd2dfb1-1152x1536.jpg 1152w\" sizes=\"(max-width: 1200px) 100vw, 1200px\" \/><\/figure><div class=\"elementor-image-box-content\"><h3 class=\"elementor-image-box-title\">IMA ABDALLAH WILFRIED ETUDIANT A NWS \u200b<\/h3><p class=\"elementor-image-box-description\">Je m\u2019appelle IMA ABDALLAH WILFRIED, \u00e2g\u00e9 de 25 ans, actuellement en premi\u00e8re ann\u00e9e \u00e0 la Normandie Web School au Havre .\n\n\nPassionn\u00e9 par le m\u00e9tier du num\u00e9rique, je suis fascin\u00e9 par le d\u00e9veloppement web et le UI\/UX Design, un domaine o\u00f9 la cr\u00e9ativit\u00e9 et la technologie se rencontrent pour concevoir des exp\u00e9riences interactives et innovantes. je ma\u00eetrise la cr\u00e9ation et l\u2019int\u00e9gration de sites web avec WordPress, ainsi que le d\u00e9veloppement de CV interactifs en HTML, CSS et JavaScript. J\u2019ai \u00e9galement con\u00e7u des chartes graphiques et des CV professionnels avec InDesign, alliant design et ergonomie. Gr\u00e2ce \u00e0 mes comp\u00e9tences en int\u00e9gration de logiciels, mat\u00e9riels et syst\u00e8mes, je suis capable d\u2019\u00e9valuer les risques et opportunit\u00e9s techniques pour optimiser les projets. De plus, je poss\u00e8de une bonne ma\u00eetrise des outils tels que Photoshop, Illustrator, InDesign, Cisco et Filmora, me permettant d\u2019apporter une approche polyvalente et cr\u00e9ative \u00e0 mes r\u00e9alisations.\n\n\nPassionn\u00e9 par le num\u00e9rique, j\u2019aime aussi m\u2019\u00e9panouir \u00e0 travers la lecture, qui nourrit ma curiosit\u00e9, ainsi que les voyages, qui me permettent de d\u00e9couvrir de nouvelles cultures et inspirations. Pratiquant la boxe et le karat\u00e9, je d\u00e9veloppe discipline et pers\u00e9v\u00e9rance, des qualit\u00e9s que j\u2019applique aussi dans mon travail. Enfin, la musique m\u2019accompagne au quotidien, stimulant ma cr\u00e9ativit\u00e9 et ma concentration.\n\n\nToujours en qu\u00eate d\u2019apprentissage et de nouveaux d\u00e9fis, je suis motiv\u00e9 \u00e0 mettre mes comp\u00e9tences et ma cr\u00e9ativit\u00e9 au service de projets innovants. Merci pour votre attention, et au plaisir d\u2019\u00e9changer avec vous !\u200b<\/p><\/div><\/div>\t\t\t\t<\/div>\n\t\t\t\t<\/div>\n\t\t\t\t\t<\/div>\n\t\t\t\t<\/div>\n\t\t\t\t<\/div>\n\t\t","protected":false},"excerpt":{"rendered":"<p>IMA ABDALLAH WILFRIED ETUDIANT A NWS \u200b Je m\u2019appelle IMA ABDALLAH WILFRIED, \u00e2g\u00e9 de 25 ans, actuellement en premi\u00e8re ann\u00e9e \u00e0 la Normandie Web School au Havre . Passionn\u00e9 par le m\u00e9tier du num\u00e9rique, je suis fascin\u00e9 par le d\u00e9veloppement web et le UI\/UX Design, un domaine o\u00f9 la cr\u00e9ativit\u00e9 et la technologie se rencontrent [&hellip;]<\/p>\n","protected":false},"author":1,"featured_media":0,"parent":0,"menu_order":0,"comment_status":"closed","ping_status":"closed","template":"","meta":{"footnotes":""},"class_list":["post-97","page","type-page","status-publish","hentry"],"yoast_head":"<!-- This site is optimized with the Yoast SEO plugin v24.7 - https:\/\/yoast.com\/wordpress\/plugins\/seo\/ -->\n<title>A Propos - IMA ABDALLAH WILFRIED<\/title>\n<meta name=\"robots\" content=\"index, follow, max-snippet:-1, max-image-preview:large, max-video-preview:-1\" \/>\n<link rel=\"canonical\" href=\"https:\/\/wima.normandiewebschool.education\/?page_id=97\" \/>\n<meta property=\"og:locale\" content=\"fr_FR\" \/>\n<meta property=\"og:type\" content=\"article\" \/>\n<meta property=\"og:title\" content=\"A Propos - IMA ABDALLAH WILFRIED\" \/>\n<meta property=\"og:description\" content=\"IMA ABDALLAH WILFRIED ETUDIANT A NWS \u200b Je m\u2019appelle IMA ABDALLAH WILFRIED, \u00e2g\u00e9 de 25 ans, actuellement en premi\u00e8re ann\u00e9e \u00e0 la Normandie Web School au Havre . Passionn\u00e9 par le m\u00e9tier du num\u00e9rique, je suis fascin\u00e9 par le d\u00e9veloppement web et le UI\/UX Design, un domaine o\u00f9 la cr\u00e9ativit\u00e9 et la technologie se rencontrent [&hellip;]\" \/>\n<meta property=\"og:url\" content=\"https:\/\/wima.normandiewebschool.education\/?page_id=97\" \/>\n<meta property=\"og:site_name\" content=\"IMA ABDALLAH WILFRIED\" \/>\n<meta property=\"article:modified_time\" content=\"2025-04-10T23:28:24+00:00\" \/>\n<meta property=\"og:image\" content=\"https:\/\/wima.normandiewebschool.education\/wp-content\/uploads\/2025\/02\/WhatsApp-Image-2025-02-05-a-11.49.34_9dd2dfb1.jpg\" \/>\n\t<meta property=\"og:image:width\" content=\"1200\" \/>\n\t<meta property=\"og:image:height\" content=\"1600\" \/>\n\t<meta property=\"og:image:type\" content=\"image\/jpeg\" \/>\n<meta name=\"twitter:card\" content=\"summary_large_image\" \/>\n<meta name=\"twitter:label1\" content=\"Dur\u00e9e de lecture estim\u00e9e\" \/>\n\t<meta name=\"twitter:data1\" content=\"2 minutes\" \/>\n<script type=\"application\/ld+json\" class=\"yoast-schema-graph\">{\"@context\":\"https:\/\/schema.org\",\"@graph\":[{\"@type\":\"WebPage\",\"@id\":\"https:\/\/wima.normandiewebschool.education\/?page_id=97\",\"url\":\"https:\/\/wima.normandiewebschool.education\/?page_id=97\",\"name\":\"A Propos - IMA ABDALLAH WILFRIED\",\"isPartOf\":{\"@id\":\"https:\/\/wima.normandiewebschool.education\/#website\"},\"primaryImageOfPage\":{\"@id\":\"https:\/\/wima.normandiewebschool.education\/?page_id=97#primaryimage\"},\"image\":{\"@id\":\"https:\/\/wima.normandiewebschool.education\/?page_id=97#primaryimage\"},\"thumbnailUrl\":\"https:\/\/wima.normandiewebschool.education\/wp-content\/uploads\/2025\/02\/WhatsApp-Image-2025-02-05-a-11.49.34_9dd2dfb1.jpg\",\"datePublished\":\"2025-03-08T16:36:26+00:00\",\"dateModified\":\"2025-04-10T23:28:24+00:00\",\"breadcrumb\":{\"@id\":\"https:\/\/wima.normandiewebschool.education\/?page_id=97#breadcrumb\"},\"inLanguage\":\"fr-FR\",\"potentialAction\":[{\"@type\":\"ReadAction\",\"target\":[\"https:\/\/wima.normandiewebschool.education\/?page_id=97\"]}]},{\"@type\":\"ImageObject\",\"inLanguage\":\"fr-FR\",\"@id\":\"https:\/\/wima.normandiewebschool.education\/?page_id=97#primaryimage\",\"url\":\"https:\/\/wima.normandiewebschool.education\/wp-content\/uploads\/2025\/02\/WhatsApp-Image-2025-02-05-a-11.49.34_9dd2dfb1.jpg\",\"contentUrl\":\"https:\/\/wima.normandiewebschool.education\/wp-content\/uploads\/2025\/02\/WhatsApp-Image-2025-02-05-a-11.49.34_9dd2dfb1.jpg\",\"width\":1200,\"height\":1600},{\"@type\":\"BreadcrumbList\",\"@id\":\"https:\/\/wima.normandiewebschool.education\/?page_id=97#breadcrumb\",\"itemListElement\":[{\"@type\":\"ListItem\",\"position\":1,\"name\":\"Accueil\",\"item\":\"https:\/\/wima.normandiewebschool.education\/\"},{\"@type\":\"ListItem\",\"position\":2,\"name\":\"A Propos\"}]},{\"@type\":\"WebSite\",\"@id\":\"https:\/\/wima.normandiewebschool.education\/#website\",\"url\":\"https:\/\/wima.normandiewebschool.education\/\",\"name\":\"IMA ABDALLAH WILFRIED\",\"description\":\"\",\"publisher\":{\"@id\":\"https:\/\/wima.normandiewebschool.education\/#organization\"},\"potentialAction\":[{\"@type\":\"SearchAction\",\"target\":{\"@type\":\"EntryPoint\",\"urlTemplate\":\"https:\/\/wima.normandiewebschool.education\/?s={search_term_string}\"},\"query-input\":{\"@type\":\"PropertyValueSpecification\",\"valueRequired\":true,\"valueName\":\"search_term_string\"}}],\"inLanguage\":\"fr-FR\"},{\"@type\":\"Organization\",\"@id\":\"https:\/\/wima.normandiewebschool.education\/#organization\",\"name\":\"IMA ABDALLAH WILFRIED\",\"url\":\"https:\/\/wima.normandiewebschool.education\/\",\"logo\":{\"@type\":\"ImageObject\",\"inLanguage\":\"fr-FR\",\"@id\":\"https:\/\/wima.normandiewebschool.education\/#\/schema\/logo\/image\/\",\"url\":\"https:\/\/wima.normandiewebschool.education\/wp-content\/uploads\/2025\/02\/cropped-Fichier-1.webp\",\"contentUrl\":\"https:\/\/wima.normandiewebschool.education\/wp-content\/uploads\/2025\/02\/cropped-Fichier-1.webp\",\"width\":488,\"height\":149,\"caption\":\"IMA ABDALLAH WILFRIED\"},\"image\":{\"@id\":\"https:\/\/wima.normandiewebschool.education\/#\/schema\/logo\/image\/\"}}]}<\/script>\n<!-- \/ Yoast SEO plugin. -->","yoast_head_json":{"title":"A Propos - IMA ABDALLAH WILFRIED","robots":{"index":"index","follow":"follow","max-snippet":"max-snippet:-1","max-image-preview":"max-image-preview:large","max-video-preview":"max-video-preview:-1"},"canonical":"https:\/\/wima.normandiewebschool.education\/?page_id=97","og_locale":"fr_FR","og_type":"article","og_title":"A Propos - IMA ABDALLAH WILFRIED","og_description":"IMA ABDALLAH WILFRIED ETUDIANT A NWS \u200b Je m\u2019appelle IMA ABDALLAH WILFRIED, \u00e2g\u00e9 de 25 ans, actuellement en premi\u00e8re ann\u00e9e \u00e0 la Normandie Web School au Havre . Passionn\u00e9 par le m\u00e9tier du num\u00e9rique, je suis fascin\u00e9 par le d\u00e9veloppement web et le UI\/UX Design, un domaine o\u00f9 la cr\u00e9ativit\u00e9 et la technologie se rencontrent [&hellip;]","og_url":"https:\/\/wima.normandiewebschool.education\/?page_id=97","og_site_name":"IMA ABDALLAH WILFRIED","article_modified_time":"2025-04-10T23:28:24+00:00","og_image":[{"width":1200,"height":1600,"url":"https:\/\/wima.normandiewebschool.education\/wp-content\/uploads\/2025\/02\/WhatsApp-Image-2025-02-05-a-11.49.34_9dd2dfb1.jpg","type":"image\/jpeg"}],"twitter_card":"summary_large_image","twitter_misc":{"Dur\u00e9e de lecture estim\u00e9e":"2 minutes"},"schema":{"@context":"https:\/\/schema.org","@graph":[{"@type":"WebPage","@id":"https:\/\/wima.normandiewebschool.education\/?page_id=97","url":"https:\/\/wima.normandiewebschool.education\/?page_id=97","name":"A Propos - IMA ABDALLAH WILFRIED","isPartOf":{"@id":"https:\/\/wima.normandiewebschool.education\/#website"},"primaryImageOfPage":{"@id":"https:\/\/wima.normandiewebschool.education\/?page_id=97#primaryimage"},"image":{"@id":"https:\/\/wima.normandiewebschool.education\/?page_id=97#primaryimage"},"thumbnailUrl":"https:\/\/wima.normandiewebschool.education\/wp-content\/uploads\/2025\/02\/WhatsApp-Image-2025-02-05-a-11.49.34_9dd2dfb1.jpg","datePublished":"2025-03-08T16:36:26+00:00","dateModified":"2025-04-10T23:28:24+00:00","breadcrumb":{"@id":"https:\/\/wima.normandiewebschool.education\/?page_id=97#breadcrumb"},"inLanguage":"fr-FR","potentialAction":[{"@type":"ReadAction","target":["https:\/\/wima.normandiewebschool.education\/?page_id=97"]}]},{"@type":"ImageObject","inLanguage":"fr-FR","@id":"https:\/\/wima.normandiewebschool.education\/?page_id=97#primaryimage","url":"https:\/\/wima.normandiewebschool.education\/wp-content\/uploads\/2025\/02\/WhatsApp-Image-2025-02-05-a-11.49.34_9dd2dfb1.jpg","contentUrl":"https:\/\/wima.normandiewebschool.education\/wp-content\/uploads\/2025\/02\/WhatsApp-Image-2025-02-05-a-11.49.34_9dd2dfb1.jpg","width":1200,"height":1600},{"@type":"BreadcrumbList","@id":"https:\/\/wima.normandiewebschool.education\/?page_id=97#breadcrumb","itemListElement":[{"@type":"ListItem","position":1,"name":"Accueil","item":"https:\/\/wima.normandiewebschool.education\/"},{"@type":"ListItem","position":2,"name":"A Propos"}]},{"@type":"WebSite","@id":"https:\/\/wima.normandiewebschool.education\/#website","url":"https:\/\/wima.normandiewebschool.education\/","name":"IMA ABDALLAH WILFRIED","description":"","publisher":{"@id":"https:\/\/wima.normandiewebschool.education\/#organization"},"potentialAction":[{"@type":"SearchAction","target":{"@type":"EntryPoint","urlTemplate":"https:\/\/wima.normandiewebschool.education\/?s={search_term_string}"},"query-input":{"@type":"PropertyValueSpecification","valueRequired":true,"valueName":"search_term_string"}}],"inLanguage":"fr-FR"},{"@type":"Organization","@id":"https:\/\/wima.normandiewebschool.education\/#organization","name":"IMA ABDALLAH WILFRIED","url":"https:\/\/wima.normandiewebschool.education\/","logo":{"@type":"ImageObject","inLanguage":"fr-FR","@id":"https:\/\/wima.normandiewebschool.education\/#\/schema\/logo\/image\/","url":"https:\/\/wima.normandiewebschool.education\/wp-content\/uploads\/2025\/02\/cropped-Fichier-1.webp","contentUrl":"https:\/\/wima.normandiewebschool.education\/wp-content\/uploads\/2025\/02\/cropped-Fichier-1.webp","width":488,"height":149,"caption":"IMA ABDALLAH WILFRIED"},"image":{"@id":"https:\/\/wima.normandiewebschool.education\/#\/schema\/logo\/image\/"}}]}},"_links":{"self":[{"href":"https:\/\/wima.normandiewebschool.education\/index.php?rest_route=\/wp\/v2\/pages\/97","targetHints":{"allow":["GET"]}}],"collection":[{"href":"https:\/\/wima.normandiewebschool.education\/index.php?rest_route=\/wp\/v2\/pages"}],"about":[{"href":"https:\/\/wima.normandiewebschool.education\/index.php?rest_route=\/wp\/v2\/types\/page"}],"author":[{"embeddable":true,"href":"https:\/\/wima.normandiewebschool.education\/index.php?rest_route=\/wp\/v2\/users\/1"}],"replies":[{"embeddable":true,"href":"https:\/\/wima.normandiewebschool.education\/index.php?rest_route=%2Fwp%2Fv2%2Fcomments&post=97"}],"version-history":[{"count":24,"href":"https:\/\/wima.normandiewebschool.education\/index.php?rest_route=\/wp\/v2\/pages\/97\/revisions"}],"predecessor-version":[{"id":534,"href":"https:\/\/wima.normandiewebschool.education\/index.php?rest_route=\/wp\/v2\/pages\/97\/revisions\/534"}],"wp:attachment":[{"href":"https:\/\/wima.normandiewebschool.education\/index.php?rest_route=%2Fwp%2Fv2%2Fmedia&parent=97"}],"curies":[{"name":"wp","href":"https:\/\/api.w.org\/{rel}","templated":true}]}}